{"id":136,"date":"2022-11-15T20:55:03","date_gmt":"2022-11-15T20:55:03","guid":{"rendered":"http:\/\/elosformentera.com\/?page_id=136"},"modified":"2023-05-24T21:19:36","modified_gmt":"2023-05-24T21:19:36","slug":"nosotros","status":"publish","type":"page","link":"https:\/\/elosformentera.com\/it\/nosotros\/","title":{"rendered":"Noi"},"content":{"rendered":"<div data-elementor-type=\"wp-page\" data-elementor-id=\"136\" class=\"elementor elementor-136\">\n\t\t\t\t\t\t\t\t\t<section class=\"elementor-section elementor-top-section elementor-element elementor-element-48ba90d elementor-section-full_width elementor-section-height-default elementor-section-height-default\" data-id=\"48ba90d\" data-element_type=\"section\" data-settings=\"{&quot;background_background&quot;:&quot;slideshow&quot;,&quot;background_slideshow_gallery&quot;:[{&quot;id&quot;:550,&quot;url&quot;:&quot;http:\\\/\\\/elosformentera.com\\\/wp-content\\\/uploads\\\/2023\\\/02\\\/14.png&quot;},{&quot;id&quot;:551,&quot;url&quot;:&quot;http:\\\/\\\/elosformentera.com\\\/wp-content\\\/uploads\\\/2023\\\/02\\\/15.png&quot;},{&quot;id&quot;:552,&quot;url&quot;:&quot;http:\\\/\\\/elosformentera.com\\\/wp-content\\\/uploads\\\/2023\\\/02\\\/16.png&quot;},{&quot;id&quot;:553,&quot;url&quot;:&quot;http:\\\/\\\/elosformentera.com\\\/wp-content\\\/uploads\\\/2023\\\/02\\\/17.png&quot;}],&quot;background_slideshow_loop&quot;:&quot;yes&quot;,&quot;background_slideshow_slide_duration&quot;:5000,&quot;background_slideshow_slide_transition&quot;:&quot;fade&quot;,&quot;background_slideshow_transition_duration&quot;:500}\">\n\t\t\t\t\t\t\t<div class=\"elementor-background-overlay\"><\/div>\n\t\t\t\t\t\t\t<div class=\"elementor-container elementor-column-gap-default\">\n\t\t\t\t\t<div class=\"elementor-column elementor-col-100 elementor-top-column elementor-element elementor-element-d51b8b0\" data-id=\"d51b8b0\" data-element_type=\"column\" data-settings=\"{&quot;background_background&quot;:&quot;classic&quot;}\">\n\t\t\t<div class=\"elementor-widget-wrap elementor-element-populated\">\n\t\t\t\t\t\t\t\t<div class=\"elementor-element elementor-element-68a0fbc elementor-widget elementor-widget-spacer\" data-id=\"68a0fbc\" data-element_type=\"widget\" data-widget_type=\"spacer.default\">\n\t\t\t\t<div class=\"elementor-widget-container\">\n\t\t\t<style>\/*! elementor - v3.12.2 - 23-04-2023 *\/\n.elementor-column .elementor-spacer-inner{height:var(--spacer-size)}.e-con{--container-widget-width:100%}.e-con-inner>.elementor-widget-spacer,.e-con>.elementor-widget-spacer{width:var(--container-widget-width,var(--spacer-size));--align-self:var(--container-widget-align-self,initial);--flex-shrink:0}.e-con-inner>.elementor-widget-spacer>.elementor-widget-container,.e-con-inner>.elementor-widget-spacer>.elementor-widget-container>.elementor-spacer,.e-con>.elementor-widget-spacer>.elementor-widget-container,.e-con>.elementor-widget-spacer>.elementor-widget-container>.elementor-spacer{height:100%}.e-con-inner>.elementor-widget-spacer>.elementor-widget-container>.elementor-spacer>.elementor-spacer-inner,.e-con>.elementor-widget-spacer>.elementor-widget-container>.elementor-spacer>.elementor-spacer-inner{height:var(--container-widget-height,var(--spacer-size))}<\/style>\t\t<div class=\"elementor-spacer\">\n\t\t\t<div class=\"elementor-spacer-inner\"><\/div>\n\t\t<\/div>\n\t\t\t\t<\/div>\n\t\t\t\t<\/div>\n\t\t\t\t<div class=\"elementor-element elementor-element-b66df41 elementor-widget elementor-widget-heading\" data-id=\"b66df41\" data-element_type=\"widget\" data-widget_type=\"heading.default\">\n\t\t\t\t<div class=\"elementor-widget-container\">\n\t\t\t<style>\/*! elementor - v3.12.2 - 23-04-2023 *\/\n.elementor-heading-title{padding:0;margin:0;line-height:1}.elementor-widget-heading .elementor-heading-title[class*=elementor-size-]>a{color:inherit;font-size:inherit;line-height:inherit}.elementor-widget-heading .elementor-heading-title.elementor-size-small{font-size:15px}.elementor-widget-heading .elementor-heading-title.elementor-size-medium{font-size:19px}.elementor-widget-heading .elementor-heading-title.elementor-size-large{font-size:29px}.elementor-widget-heading .elementor-heading-title.elementor-size-xl{font-size:39px}.elementor-widget-heading .elementor-heading-title.elementor-size-xxl{font-size:59px}<\/style><h2 class=\"elementor-heading-title elementor-size-default\">NOI<\/h2>\t\t<\/div>\n\t\t\t\t<\/div>\n\t\t\t\t<div class=\"elementor-element elementor-element-fcc31e9 elementor-widget elementor-widget-spacer\" data-id=\"fcc31e9\" data-element_type=\"widget\" data-widget_type=\"spacer.default\">\n\t\t\t\t<div class=\"elementor-widget-container\">\n\t\t\t\t\t<div class=\"elementor-spacer\">\n\t\t\t<div class=\"elementor-spacer-inner\"><\/div>\n\t\t<\/div>\n\t\t\t\t<\/div>\n\t\t\t\t<\/div>\n\t\t\t\t\t<\/div>\n\t\t<\/div>\n\t\t\t\t\t\t\t<\/div>\n\t\t<\/section>\n\t\t\t\t<section class=\"elementor-section elementor-top-section elementor-element elementor-element-65ad65d elementor-section-full_width elementor-section-height-default elementor-section-height-default\" data-id=\"65ad65d\" data-element_type=\"section\">\n\t\t\t\t\t\t<div class=\"elementor-container elementor-column-gap-default\">\n\t\t\t\t\t<div class=\"elementor-column elementor-col-100 elementor-top-column elementor-element elementor-element-ccdc59b\" data-id=\"ccdc59b\" data-element_type=\"column\">\n\t\t\t<div class=\"elementor-widget-wrap elementor-element-populated\">\n\t\t\t\t\t\t\t\t<div class=\"elementor-element elementor-element-9136d4f elementor-absolute e-transform e-transform e-transform elementor-widget elementor-widget-image\" data-id=\"9136d4f\" data-element_type=\"widget\" data-settings=\"{&quot;_position&quot;:&quot;absolute&quot;,&quot;_transform_flipX_effect&quot;:&quot;transform&quot;,&quot;_transform_flipY_effect&quot;:&quot;transform&quot;,&quot;_transform_rotateZ_effect&quot;:{&quot;unit&quot;:&quot;px&quot;,&quot;size&quot;:&quot;&quot;,&quot;sizes&quot;:[]},&quot;_transform_rotateZ_effect_tablet&quot;:{&quot;unit&quot;:&quot;deg&quot;,&quot;size&quot;:&quot;&quot;,&quot;sizes&quot;:[]},&quot;_transform_rotateZ_effect_mobile&quot;:{&quot;unit&quot;:&quot;deg&quot;,&quot;size&quot;:&quot;&quot;,&quot;sizes&quot;:[]}}\" data-widget_type=\"image.default\">\n\t\t\t\t<div class=\"elementor-widget-container\">\n\t\t\t<style>\/*! elementor - v3.12.2 - 23-04-2023 *\/\n.elementor-widget-image{text-align:center}.elementor-widget-image a{display:inline-block}.elementor-widget-image a img[src$=\".svg\"]{width:48px}.elementor-widget-image img{vertical-align:middle;display:inline-block}<\/style>\t\t\t\t\t\t\t\t\t\t\t\t<img loading=\"lazy\" decoding=\"async\" width=\"800\" height=\"942\" src=\"https:\/\/elosformentera.com\/wp-content\/uploads\/2022\/11\/4-1-e1668546803705-870x1024.png\" class=\"attachment-large size-large wp-image-166\" alt=\"\" srcset=\"https:\/\/elosformentera.com\/wp-content\/uploads\/2022\/11\/4-1-e1668546803705-870x1024.png 870w, https:\/\/elosformentera.com\/wp-content\/uploads\/2022\/11\/4-1-e1668546803705-255x300.png 255w, https:\/\/elosformentera.com\/wp-content\/uploads\/2022\/11\/4-1-e1668546803705-768x904.png 768w, https:\/\/elosformentera.com\/wp-content\/uploads\/2022\/11\/4-1-e1668546803705.png 917w\" sizes=\"auto, (max-width: 800px) 100vw, 800px\" \/>\t\t\t\t\t\t\t\t\t\t\t\t\t\t\t<\/div>\n\t\t\t\t<\/div>\n\t\t\t\t\t<\/div>\n\t\t<\/div>\n\t\t\t\t\t\t\t<\/div>\n\t\t<\/section>\n\t\t\t\t<section class=\"elementor-section elementor-top-section elementor-element elementor-element-fe4b3b7 elementor-section-boxed elementor-section-height-default elementor-section-height-default\" data-id=\"fe4b3b7\" data-element_type=\"section\">\n\t\t\t\t\t\t<div class=\"elementor-container elementor-column-gap-default\">\n\t\t\t\t\t<div class=\"elementor-column elementor-col-100 elementor-top-column elementor-element elementor-element-f436e24\" data-id=\"f436e24\" data-element_type=\"column\">\n\t\t\t<div class=\"elementor-widget-wrap elementor-element-populated\">\n\t\t\t\t\t\t\t\t<div class=\"elementor-element elementor-element-2ecb424 elementor-widget elementor-widget-heading\" data-id=\"2ecb424\" data-element_type=\"widget\" data-widget_type=\"heading.default\">\n\t\t\t\t<div class=\"elementor-widget-container\">\n\t\t\t<h2 class=\"elementor-heading-title elementor-size-default\">NOI<\/h2>\t\t<\/div>\n\t\t\t\t<\/div>\n\t\t\t\t<div class=\"elementor-element elementor-element-f1c2376 elementor-widget elementor-widget-text-editor\" data-id=\"f1c2376\" data-element_type=\"widget\" data-widget_type=\"text-editor.default\">\n\t\t\t\t<div class=\"elementor-widget-container\">\n\t\t\t<style>\/*! elementor - v3.12.2 - 23-04-2023 *\/\n.elementor-widget-text-editor.elementor-drop-cap-view-stacked .elementor-drop-cap{background-color:#69727d;color:#fff}.elementor-widget-text-editor.elementor-drop-cap-view-framed .elementor-drop-cap{color:#69727d;border:3px solid;background-color:transparent}.elementor-widget-text-editor:not(.elementor-drop-cap-view-default) .elementor-drop-cap{margin-top:8px}.elementor-widget-text-editor:not(.elementor-drop-cap-view-default) .elementor-drop-cap-letter{width:1em;height:1em}.elementor-widget-text-editor .elementor-drop-cap{float:left;text-align:center;line-height:1;font-size:50px}.elementor-widget-text-editor .elementor-drop-cap-letter{display:inline-block}<\/style>\t\t\t\t<p class=\"p2\">Offriamo esperienze uniche e indimenticabili. Proponiamo un'ampia variet\u00e0 di attivit\u00e0 in modo che possiate godervi al meglio le vostre vacanze ed i vostri eventi.<\/p><p class=\"p2\">Con \u00c9LOS FORMENTERA smetterete di preoccuparvi, noi penseremo ad organizzare totalmente  il vostro viaggio sull'isola.<\/p><p class=\"p2\">Con noi non perderete tempo in nessuna gestione. Coordiniamo rapidamente tutte le vostre richieste, chiarendo in modo esaustivo tutti i vostri dubbi.<\/p><p class=\"p2\">Compriamo i biglietti del traghetto Ibiza\/Formentera<\/p><p class=\"p2\">Possiamo aiutarvi a noleggiare un\u2019auto, una moto,  una barca<\/p><p class=\"p2\">Riserviamo il miglior ristorante per voi ed amici; compleanni, eventi aziendali e privati<\/p><p class=\"p2\">Vi presentiamo diverse opzioni di location, hotel, ville o spiagge per realizzare il matrimonio dei vostri sogni o il tuo addio al celibato.<\/p><p class=\"p2\">Organizziamo le vostre vacanze sfruttando ogni angolo dell'Isola via terra e via mare\u00a0<\/p><p class=\"p2\">Formentera \u00e8 ricca di luoghi che vi sorprenderanno con la loro bellezza ed il loro fascino, affinch\u00e9 i vostri giorni di vacanza siano indimenticabili.\u00a0<\/p><p class=\"p2 translation-block\">Se siete arrivati a noi\u2026 allora nn vi siete sbagliati. Con <b>\u00c9LOS FORMENTERA <\/b>avrete un servizio esclusivo.<\/p><p class=\"p3\">Le chiavi dell'isola vi saranno consegnate all\u2019 arrivo, cos\u00ec da potervi godere tutti i suoi servizi e meravigliosi luoghi, senza pensieri.<\/p>\t\t\t\t\t\t<\/div>\n\t\t\t\t<\/div>\n\t\t\t\t\t<\/div>\n\t\t<\/div>\n\t\t\t\t\t\t\t<\/div>\n\t\t<\/section>\n\t\t\t\t<section class=\"elementor-section elementor-top-section elementor-element elementor-element-df30cc7 elementor-section-boxed elementor-section-height-default elementor-section-height-default\" data-id=\"df30cc7\" data-element_type=\"section\">\n\t\t\t\t\t\t<div class=\"elementor-container elementor-column-gap-default\">\n\t\t\t\t\t<div class=\"elementor-column elementor-col-100 elementor-top-column elementor-element elementor-element-9d47105\" data-id=\"9d47105\" data-element_type=\"column\">\n\t\t\t<div class=\"elementor-widget-wrap elementor-element-populated\">\n\t\t\t\t\t\t\t\t<div class=\"elementor-element elementor-element-98374f5 elementor-widget elementor-widget-heading\" data-id=\"98374f5\" data-element_type=\"widget\" data-widget_type=\"heading.default\">\n\t\t\t\t<div class=\"elementor-widget-container\">\n\t\t\t<h2 class=\"elementor-heading-title elementor-size-default\">FORMENTERA<\/h2>\t\t<\/div>\n\t\t\t\t<\/div>\n\t\t\t\t<section class=\"elementor-section elementor-inner-section elementor-element elementor-element-baf7d79 elementor-section-boxed elementor-section-height-default elementor-section-height-default\" data-id=\"baf7d79\" data-element_type=\"section\">\n\t\t\t\t\t\t<div class=\"elementor-container elementor-column-gap-default\">\n\t\t\t\t\t<div class=\"elementor-column elementor-col-50 elementor-inner-column elementor-element elementor-element-898629c\" data-id=\"898629c\" data-element_type=\"column\">\n\t\t\t<div class=\"elementor-widget-wrap elementor-element-populated\">\n\t\t\t\t\t\t\t\t<div class=\"elementor-element elementor-element-f126908 elementor-widget elementor-widget-image\" data-id=\"f126908\" data-element_type=\"widget\" data-widget_type=\"image.default\">\n\t\t\t\t<div class=\"elementor-widget-container\">\n\t\t\t\t\t\t\t\t\t\t\t\t\t\t\t<img loading=\"lazy\" decoding=\"async\" width=\"800\" height=\"859\" src=\"https:\/\/elosformentera.com\/wp-content\/uploads\/2022\/11\/nosotros-1-954x1024.jpg\" class=\"attachment-large size-large wp-image-180\" alt=\"\" srcset=\"https:\/\/elosformentera.com\/wp-content\/uploads\/2022\/11\/nosotros-1-954x1024.jpg 954w, https:\/\/elosformentera.com\/wp-content\/uploads\/2022\/11\/nosotros-1-280x300.jpg 280w, https:\/\/elosformentera.com\/wp-content\/uploads\/2022\/11\/nosotros-1-768x824.jpg 768w, https:\/\/elosformentera.com\/wp-content\/uploads\/2022\/11\/nosotros-1.jpg 1284w\" sizes=\"auto, (max-width: 800px) 100vw, 800px\" \/>\t\t\t\t\t\t\t\t\t\t\t\t\t\t\t<\/div>\n\t\t\t\t<\/div>\n\t\t\t\t\t<\/div>\n\t\t<\/div>\n\t\t\t\t<div class=\"elementor-column elementor-col-50 elementor-inner-column elementor-element elementor-element-eefe25b\" data-id=\"eefe25b\" data-element_type=\"column\">\n\t\t\t<div class=\"elementor-widget-wrap elementor-element-populated\">\n\t\t\t\t\t\t\t\t<div class=\"elementor-element elementor-element-7aa7b16 elementor-widget elementor-widget-text-editor\" data-id=\"7aa7b16\" data-element_type=\"widget\" data-widget_type=\"text-editor.default\">\n\t\t\t\t<div class=\"elementor-widget-container\">\n\t\t\t\t\t\t\t<p class=\"p1 translation-block\">Formentera \u00e8 una delle isole pi\u00f9 piccole delle Baleari e conserva in modo eccellente il suo straordinario ambiente naturale.<br>Pu\u00f2 essere raggiunta in traghetto dalla sua molto pi\u00f9 nota, isola vicina, Ibiza, ed \u00e8, per questo, anche  una destinazione molto gettonata anche  per gite giornaliere. \u00c8 famosa per le sue acque trasparenti e le spiagge infinite. La spiaggia di Ses Illetes, Es Migjorn o Cala Saona sono alcuni dei tesori con acque cristalline che vengono custoditi per te.<\/p>\n<p class=\"p1\">Un'isola perfetta per praticare sport acquatici o per mettere alla prova le gambe esplorando i numerosi sentieri a piedi o in bicicletta. Da El Pilar de la Mola, il punto pi\u00f9 alto dell'isola, godrai di romantici tramonti su una scogliera alta addirittura 120 metri.<\/p>\t\t\t\t\t\t<\/div>\n\t\t\t\t<\/div>\n\t\t\t\t<div class=\"elementor-element elementor-element-c10fd06 elementor-widget elementor-widget-heading\" data-id=\"c10fd06\" data-element_type=\"widget\" data-widget_type=\"heading.default\">\n\t\t\t\t<div class=\"elementor-widget-container\">\n\t\t\t<h2 class=\"elementor-heading-title elementor-size-default\">Come arrivare a Formentera?<\/h2>\t\t<\/div>\n\t\t\t\t<\/div>\n\t\t\t\t<div class=\"elementor-element elementor-element-aa34470 elementor-widget elementor-widget-text-editor\" data-id=\"aa34470\" data-element_type=\"widget\" data-widget_type=\"text-editor.default\">\n\t\t\t\t<div class=\"elementor-widget-container\">\n\t\t\t\t\t\t\t<p class=\"p1\">Non disponendo di aeroporto, \u00e8 raggiungibile solo via mare. Quello che pochi sanno \u00e8 che puoi venire a Formentera con la tua macchina, dai porti di Barcellona o Denia,  evitando cos\u00ec di dover limitare le tue valigie alle misure standard degli aerei, attenzione per\u00f3,  non prima di aver attivato Formentera eco.<\/p>\t\t\t\t\t\t<\/div>\n\t\t\t\t<\/div>\n\t\t\t\t\t<\/div>\n\t\t<\/div>\n\t\t\t\t\t\t\t<\/div>\n\t\t<\/section>\n\t\t\t\t<div class=\"elementor-element elementor-element-4712bc3 elementor-widget elementor-widget-image\" data-id=\"4712bc3\" data-element_type=\"widget\" data-widget_type=\"image.default\">\n\t\t\t\t<div class=\"elementor-widget-container\">\n\t\t\t\t\t\t\t\t\t\t\t\t\t\t\t<img loading=\"lazy\" decoding=\"async\" width=\"2492\" height=\"1410\" src=\"https:\/\/elosformentera.com\/wp-content\/uploads\/2022\/11\/nosotros-2.jpg\" class=\"attachment-full size-full wp-image-185\" alt=\"\" srcset=\"https:\/\/elosformentera.com\/wp-content\/uploads\/2022\/11\/nosotros-2.jpg 2492w, https:\/\/elosformentera.com\/wp-content\/uploads\/2022\/11\/nosotros-2-300x170.jpg 300w, https:\/\/elosformentera.com\/wp-content\/uploads\/2022\/11\/nosotros-2-1024x579.jpg 1024w, https:\/\/elosformentera.com\/wp-content\/uploads\/2022\/11\/nosotros-2-768x435.jpg 768w, https:\/\/elosformentera.com\/wp-content\/uploads\/2022\/11\/nosotros-2-1536x869.jpg 1536w, https:\/\/elosformentera.com\/wp-content\/uploads\/2022\/11\/nosotros-2-2048x1159.jpg 2048w\" sizes=\"auto, (max-width: 2492px) 100vw, 2492px\" \/>\t\t\t\t\t\t\t\t\t\t\t\t\t\t\t<\/div>\n\t\t\t\t<\/div>\n\t\t\t\t\t<\/div>\n\t\t<\/div>\n\t\t\t\t\t\t\t<\/div>\n\t\t<\/section>\n\t\t\t\t\t\t\t<\/div>","protected":false},"excerpt":{"rendered":"<p>NOSOTROS NOSOTROS Ofrecemos experiencias \u00fanicas e inolvidables. Proponemos una amplia variedad de actividades para que puedas disfrutar de tus vacaciones y eventos al m\u00e1ximo. \u00c9LOS FORMENTERA te ayudar\u00e1 a despreocuparte y organizar\u00e1 totalmente tu viaje a la isla. Con nosotros no perder\u00e1s tiempo en ninguna gesti\u00f3n.\u00a0Coordinamos de forma r\u00e1pida todas tus demandas aclarando de forma [&hellip;]<\/p>","protected":false},"author":1,"featured_media":0,"parent":0,"menu_order":0,"comment_status":"closed","ping_status":"closed","template":"elementor_header_footer","meta":{"footnotes":""},"class_list":["post-136","page","type-page","status-publish","hentry"],"yoast_head":"<!-- This site is optimized with the Yoast SEO plugin v20.6 - https:\/\/yoast.com\/wordpress\/plugins\/seo\/ -->\n<title>Nosotros - \u00c8los Formentera<\/title>\n<meta name=\"robots\" content=\"index, follow, max-snippet:-1, max-image-preview:large, max-video-preview:-1\" \/>\n<link rel=\"canonical\" href=\"https:\/\/elosformentera.com\/it\/nosotros\/\" \/>\n<meta property=\"og:locale\" content=\"it_IT\" \/>\n<meta property=\"og:type\" content=\"article\" \/>\n<meta property=\"og:title\" content=\"Nosotros - \u00c8los Formentera\" \/>\n<meta property=\"og:description\" content=\"NOSOTROS NOSOTROS Ofrecemos experiencias \u00fanicas e inolvidables. Proponemos una amplia variedad de actividades para que puedas disfrutar de tus vacaciones y eventos al m\u00e1ximo. \u00c9LOS FORMENTERA te ayudar\u00e1 a despreocuparte y organizar\u00e1 totalmente tu viaje a la isla. Con nosotros no perder\u00e1s tiempo en ninguna gesti\u00f3n.\u00a0Coordinamos de forma r\u00e1pida todas tus demandas aclarando de forma [&hellip;]\" \/>\n<meta property=\"og:url\" content=\"https:\/\/elosformentera.com\/it\/nosotros\/\" \/>\n<meta property=\"og:site_name\" content=\"\u00c8los Formentera\" \/>\n<meta property=\"article:modified_time\" content=\"2023-05-24T21:19:36+00:00\" \/>\n<meta property=\"og:image\" content=\"https:\/\/elosformentera.com\/wp-content\/uploads\/2022\/11\/4-1-e1668546803705-870x1024.png\" \/>\n<meta name=\"twitter:card\" content=\"summary_large_image\" \/>\n<meta name=\"twitter:label1\" content=\"Tempo di lettura stimato\" \/>\n\t<meta name=\"twitter:data1\" content=\"3 minuti\" \/>\n<script type=\"application\/ld+json\" class=\"yoast-schema-graph\">{\"@context\":\"https:\/\/schema.org\",\"@graph\":[{\"@type\":\"WebPage\",\"@id\":\"https:\/\/elosformentera.com\/nosotros\/\",\"url\":\"https:\/\/elosformentera.com\/nosotros\/\",\"name\":\"Nosotros - \u00c8los Formentera\",\"isPartOf\":{\"@id\":\"https:\/\/elosformentera.com\/#website\"},\"datePublished\":\"2022-11-15T20:55:03+00:00\",\"dateModified\":\"2023-05-24T21:19:36+00:00\",\"breadcrumb\":{\"@id\":\"https:\/\/elosformentera.com\/nosotros\/#breadcrumb\"},\"inLanguage\":\"it-IT\",\"potentialAction\":[{\"@type\":\"ReadAction\",\"target\":[\"https:\/\/elosformentera.com\/nosotros\/\"]}]},{\"@type\":\"BreadcrumbList\",\"@id\":\"https:\/\/elosformentera.com\/nosotros\/#breadcrumb\",\"itemListElement\":[{\"@type\":\"ListItem\",\"position\":1,\"name\":\"Home\",\"item\":\"https:\/\/elosformentera.com\/\"},{\"@type\":\"ListItem\",\"position\":2,\"name\":\"Nosotros\"}]},{\"@type\":\"WebSite\",\"@id\":\"https:\/\/elosformentera.com\/#website\",\"url\":\"https:\/\/elosformentera.com\/\",\"name\":\"\u00c8los Formentera\",\"description\":\"\",\"publisher\":{\"@id\":\"https:\/\/elosformentera.com\/#organization\"},\"potentialAction\":[{\"@type\":\"SearchAction\",\"target\":{\"@type\":\"EntryPoint\",\"urlTemplate\":\"https:\/\/elosformentera.com\/?s={search_term_string}\"},\"query-input\":\"required name=search_term_string\"}],\"inLanguage\":\"it-IT\"},{\"@type\":\"Organization\",\"@id\":\"https:\/\/elosformentera.com\/#organization\",\"name\":\"\u00c8los Formentera\",\"url\":\"https:\/\/elosformentera.com\/\",\"logo\":{\"@type\":\"ImageObject\",\"inLanguage\":\"it-IT\",\"@id\":\"https:\/\/elosformentera.com\/#\/schema\/logo\/image\/\",\"url\":\"https:\/\/elosformentera.com\/wp-content\/uploads\/2022\/06\/cropped-logo_elos_blanco.png\",\"contentUrl\":\"https:\/\/elosformentera.com\/wp-content\/uploads\/2022\/06\/cropped-logo_elos_blanco.png\",\"width\":401,\"height\":240,\"caption\":\"\u00c8los Formentera\"},\"image\":{\"@id\":\"https:\/\/elosformentera.com\/#\/schema\/logo\/image\/\"}}]}<\/script>\n<!-- \/ Yoast SEO plugin. -->","yoast_head_json":{"title":"Nosotros - \u00c8los Formentera","robots":{"index":"index","follow":"follow","max-snippet":"max-snippet:-1","max-image-preview":"max-image-preview:large","max-video-preview":"max-video-preview:-1"},"canonical":"https:\/\/elosformentera.com\/it\/nosotros\/","og_locale":"it_IT","og_type":"article","og_title":"Nosotros - \u00c8los Formentera","og_description":"NOSOTROS NOSOTROS Ofrecemos experiencias \u00fanicas e inolvidables. Proponemos una amplia variedad de actividades para que puedas disfrutar de tus vacaciones y eventos al m\u00e1ximo. \u00c9LOS FORMENTERA te ayudar\u00e1 a despreocuparte y organizar\u00e1 totalmente tu viaje a la isla. Con nosotros no perder\u00e1s tiempo en ninguna gesti\u00f3n.\u00a0Coordinamos de forma r\u00e1pida todas tus demandas aclarando de forma [&hellip;]","og_url":"https:\/\/elosformentera.com\/it\/nosotros\/","og_site_name":"\u00c8los Formentera","article_modified_time":"2023-05-24T21:19:36+00:00","og_image":[{"url":"https:\/\/elosformentera.com\/wp-content\/uploads\/2022\/11\/4-1-e1668546803705-870x1024.png"}],"twitter_card":"summary_large_image","twitter_misc":{"Tempo di lettura stimato":"3 minuti"},"schema":{"@context":"https:\/\/schema.org","@graph":[{"@type":"WebPage","@id":"https:\/\/elosformentera.com\/nosotros\/","url":"https:\/\/elosformentera.com\/nosotros\/","name":"Nosotros - \u00c8los Formentera","isPartOf":{"@id":"https:\/\/elosformentera.com\/#website"},"datePublished":"2022-11-15T20:55:03+00:00","dateModified":"2023-05-24T21:19:36+00:00","breadcrumb":{"@id":"https:\/\/elosformentera.com\/nosotros\/#breadcrumb"},"inLanguage":"it-IT","potentialAction":[{"@type":"ReadAction","target":["https:\/\/elosformentera.com\/nosotros\/"]}]},{"@type":"BreadcrumbList","@id":"https:\/\/elosformentera.com\/nosotros\/#breadcrumb","itemListElement":[{"@type":"ListItem","position":1,"name":"Home","item":"https:\/\/elosformentera.com\/"},{"@type":"ListItem","position":2,"name":"Nosotros"}]},{"@type":"WebSite","@id":"https:\/\/elosformentera.com\/#website","url":"https:\/\/elosformentera.com\/","name":"\u00c8los Formentera","description":"","publisher":{"@id":"https:\/\/elosformentera.com\/#organization"},"potentialAction":[{"@type":"SearchAction","target":{"@type":"EntryPoint","urlTemplate":"https:\/\/elosformentera.com\/?s={search_term_string}"},"query-input":"required name=search_term_string"}],"inLanguage":"it-IT"},{"@type":"Organization","@id":"https:\/\/elosformentera.com\/#organization","name":"\u00c8los Formentera","url":"https:\/\/elosformentera.com\/","logo":{"@type":"ImageObject","inLanguage":"it-IT","@id":"https:\/\/elosformentera.com\/#\/schema\/logo\/image\/","url":"https:\/\/elosformentera.com\/wp-content\/uploads\/2022\/06\/cropped-logo_elos_blanco.png","contentUrl":"https:\/\/elosformentera.com\/wp-content\/uploads\/2022\/06\/cropped-logo_elos_blanco.png","width":401,"height":240,"caption":"\u00c8los Formentera"},"image":{"@id":"https:\/\/elosformentera.com\/#\/schema\/logo\/image\/"}}]}},"_links":{"self":[{"href":"https:\/\/elosformentera.com\/it\/wp-json\/wp\/v2\/pages\/136","targetHints":{"allow":["GET"]}}],"collection":[{"href":"https:\/\/elosformentera.com\/it\/wp-json\/wp\/v2\/pages"}],"about":[{"href":"https:\/\/elosformentera.com\/it\/wp-json\/wp\/v2\/types\/page"}],"author":[{"embeddable":true,"href":"https:\/\/elosformentera.com\/it\/wp-json\/wp\/v2\/users\/1"}],"replies":[{"embeddable":true,"href":"https:\/\/elosformentera.com\/it\/wp-json\/wp\/v2\/comments?post=136"}],"version-history":[{"count":82,"href":"https:\/\/elosformentera.com\/it\/wp-json\/wp\/v2\/pages\/136\/revisions"}],"predecessor-version":[{"id":975,"href":"https:\/\/elosformentera.com\/it\/wp-json\/wp\/v2\/pages\/136\/revisions\/975"}],"wp:attachment":[{"href":"https:\/\/elosformentera.com\/it\/wp-json\/wp\/v2\/media?parent=136"}],"curies":[{"name":"wp","href":"https:\/\/api.w.org\/{rel}","templated":true}]}}